{"id":1850,"date":"2022-10-21T23:15:23","date_gmt":"2022-10-21T16:15:23","guid":{"rendered":"https:\/\/duckimtinh.com\/?page_id=1850"},"modified":"2023-11-07T15:44:10","modified_gmt":"2023-11-07T08:44:10","slug":"gioi-thieu","status":"publish","type":"page","link":"https:\/\/duckimtinh.com\/en\/gioi-thieu\/","title":{"rendered":"About us"},"content":{"rendered":"<p><strong>Duc Kim Tinh Manufacturing and Trading Company Limited<\/strong> is an enterprise specializing in this field <strong>Casting<\/strong> and <strong>Mechanics<\/strong>, with long-term experience and a solid reputation in the industry. We are proud to be one of the leading companies in manufacturing and supplying high quality casting products and diverse mechanical solutions.<\/p>\n<p><img fetchpriority=\"high\" decoding=\"async\" class=\"aligncenter size-full wp-image-3995\" src=\"https:\/\/duckimtinh.com\/wp-content\/uploads\/2023\/11\/banner-category.jpg\" alt=\"Banner Category\" width=\"1920\" height=\"650\" srcset=\"https:\/\/duckimtinh.com\/wp-content\/uploads\/2023\/11\/banner-category.jpg 1920w, https:\/\/duckimtinh.com\/wp-content\/uploads\/2023\/11\/banner-category-300x102.jpg 300w, https:\/\/duckimtinh.com\/wp-content\/uploads\/2023\/11\/banner-category-1024x347.jpg 1024w, https:\/\/duckimtinh.com\/wp-content\/uploads\/2023\/11\/banner-category-768x260.jpg 768w, https:\/\/duckimtinh.com\/wp-content\/uploads\/2023\/11\/banner-category-1536x520.jpg 1536w, https:\/\/duckimtinh.com\/wp-content\/uploads\/2023\/11\/banner-category-18x6.jpg 18w, https:\/\/duckimtinh.com\/wp-content\/uploads\/2023\/11\/banner-category-600x203.jpg 600w, https:\/\/duckimtinh.com\/wp-content\/uploads\/2023\/11\/banner-category-150x51.jpg 150w\" sizes=\"(max-width: 1920px) 100vw, 1920px\" \/><\/p>\n<p>Founded in 2013, <strong>Duc Kim Tinh Company<\/strong> has gradually developed and expanded its scale of operations, possessing a team of highly qualified, dedicated and enthusiastic engineers and workers. We own a modern manufacturing factory, equipped with advanced technological equipment, ensuring production capabilities with high efficiency and stable quality.<\/p>\n<p><a href=\"https:\/\/duckimtinh.com\/wp-content\/uploads\/2023\/10\/CHUNG-NHAN-ISO-WEB.pdf\"><img decoding=\"async\" src=\"https:\/\/duckimtinh.com\/wp-content\/uploads\/2023\/10\/CHUNG-NHAN-ISO-WEB-pdf.jpg\" alt=\"\" width=\"1496\" height=\"1058\" \/><\/a><\/p>\n<p>With slogans <strong>\u201cDedication in heart, raises the value\u2019s chart\u201d<\/strong>, we constantly invest in research and application of the most advanced technology in the casting and mechanical processing production process. This helps us provide quality products that meet a variety of customer needs in different industries.<\/p>\n<p><iframe title=\"Duc Kim Tinh Manufacturing and Trading Company Limited\" width=\"500\" height=\"281\" src=\"https:\/\/www.youtube.com\/embed\/wQaWq-CVaso?feature=oembed\" frameborder=\"0\" allow=\"accelerometer; autoplay; clipboard-write; encrypted-media; gyroscope; picture-in-picture; web-share\" referrerpolicy=\"strict-origin-when-cross-origin\" allowfullscreen><\/iframe><\/p>\n<p>Customers always put their trust in us because of outstanding product quality, reliable delivery times and dedicated after-sales service. We always put our customers' interests first and are committed to bringing them satisfaction and trust.<\/p>\n<p>If you are looking for a reliable partner in the field <strong>Casting<\/strong> and <strong>Mechanics<\/strong>, Duc Kim Tinh Manufacturing And Trading Company Limited is the top choice for quality and effective solutions. We are willing to cooperate and build sustainable success together in the future.<\/p>","protected":false},"excerpt":{"rendered":"<p>C\u00f4ng ty TNHH S\u1ea3n Xu\u1ea5t v\u00e0 Th\u01b0\u01a1ng M\u1ea1i \u0110\u1ee9c Kim Tinh l\u00e0 m\u1ed9t doanh nghi\u1ec7p chuy\u00ean v\u1ec1 l\u0129nh v\u1ef1c \u0110\u00fac kim lo\u1ea1i v\u00e0 Gia c\u00f4ng c\u01a1 kh\u00ed, v\u1edbi kinh nghi\u1ec7m l\u00e2u d\u00e0i v\u00e0 danh ti\u1ebfng v\u1eefng ch\u1eafc trong ng\u00e0nh. Ch\u00fang t\u00f4i t\u1ef1 h\u00e0o l\u00e0 m\u1ed9t trong nh\u1eefng c\u00f4ng ty d\u1eabn \u0111\u1ea7u v\u1ec1 s\u1ea3n xu\u1ea5t v\u00e0 [&hellip;]<\/p>","protected":false},"author":1,"featured_media":0,"parent":0,"menu_order":0,"comment_status":"closed","ping_status":"closed","template":"","meta":{"site-sidebar-layout":"default","site-content-layout":"default","ast-site-content-layout":"default","site-content-style":"default","site-sidebar-style":"default","ast-global-header-display":"","ast-banner-title-visibility":"","ast-main-header-display":"","ast-hfb-above-header-display":"","ast-hfb-below-header-display":"","ast-hfb-mobile-header-display":"","site-post-title":"","ast-breadcrumbs-content":"","ast-featured-img":"","footer-sml-layout":"","theme-transparent-header-meta":"default","adv-header-id-meta":"","stick-header-meta":"default","header-above-stick-meta":"","header-main-stick-meta":"","header-below-stick-meta":"","astra-migrate-meta-layouts":"default","ast-page-background-enabled":"default","ast-page-background-meta":{"desktop":{"background-color":"var(--ast-global-color-4)","background-image":"","background-repeat":"repeat","background-position":"center center","background-size":"auto","background-attachment":"scroll","background-type":"","background-media":"","overlay-type":"","overlay-color":"","overlay-opacity":"","overlay-gradient":""},"tablet":{"background-color":"","background-image":"","background-repeat":"repeat","background-position":"center center","background-size":"auto","background-attachment":"scroll","background-type":"","background-media":"","overlay-type":"","overlay-color":"","overlay-opacity":"","overlay-gradient":""},"mobile":{"background-color":"","background-image":"","background-repeat":"repeat","background-position":"center center","background-size":"auto","background-attachment":"scroll","background-type":"","background-media":"","overlay-type":"","overlay-color":"","overlay-opacity":"","overlay-gradient":""}},"ast-content-background-meta":{"desktop":{"background-color":"var(--ast-global-color-5)","background-image":"","background-repeat":"repeat","background-position":"center center","background-size":"auto","background-attachment":"scroll","background-type":"","background-media":"","overlay-type":"","overlay-color":"","overlay-opacity":"","overlay-gradient":""},"tablet":{"background-color":"var(--ast-global-color-5)","background-image":"","background-repeat":"repeat","background-position":"center center","background-size":"auto","background-attachment":"scroll","background-type":"","background-media":"","overlay-type":"","overlay-color":"","overlay-opacity":"","overlay-gradient":""},"mobile":{"background-color":"var(--ast-global-color-5)","background-image":"","background-repeat":"repeat","background-position":"center center","background-size":"auto","background-attachment":"scroll","background-type":"","background-media":"","overlay-type":"","overlay-color":"","overlay-opacity":"","overlay-gradient":""}},"footnotes":""},"class_list":["post-1850","page","type-page","status-publish","hentry"],"_links":{"self":[{"href":"https:\/\/duckimtinh.com\/en\/wp-json\/wp\/v2\/pages\/1850","targetHints":{"allow":["GET"]}}],"collection":[{"href":"https:\/\/duckimtinh.com\/en\/wp-json\/wp\/v2\/pages"}],"about":[{"href":"https:\/\/duckimtinh.com\/en\/wp-json\/wp\/v2\/types\/page"}],"author":[{"embeddable":true,"href":"https:\/\/duckimtinh.com\/en\/wp-json\/wp\/v2\/users\/1"}],"replies":[{"embeddable":true,"href":"https:\/\/duckimtinh.com\/en\/wp-json\/wp\/v2\/comments?post=1850"}],"version-history":[{"count":0,"href":"https:\/\/duckimtinh.com\/en\/wp-json\/wp\/v2\/pages\/1850\/revisions"}],"wp:attachment":[{"href":"https:\/\/duckimtinh.com\/en\/wp-json\/wp\/v2\/media?parent=1850"}],"curies":[{"name":"wp","href":"https:\/\/api.w.org\/{rel}","templated":true}]}}